{"id":99,"date":"2021-03-23T09:13:54","date_gmt":"2021-03-23T08:13:54","guid":{"rendered":"https:\/\/skovbakkeforeningen.parkhoj.dk\/?page_id=99"},"modified":"2026-04-21T09:12:12","modified_gmt":"2026-04-21T07:12:12","slug":"sidste-nyt","status":"publish","type":"page","link":"https:\/\/www.skovbakkeforeningen.dk\/?page_id=99","title":{"rendered":"Sidste nyt"},"content":{"rendered":"\n<p>Den \u00e5rlige generalforsamling afholdes i Lums\u00e5s Forsamlingshus s\u00f8ndag d. 3. maj kl. 11.00. <\/p>\n\n\n\n<p>Der er indkommet 2 indgribende forslag. S\u00e5 m\u00f8d op og g\u00f8r jeres stemme g\u00e6ldende.<\/p>\n\n\n\n<p>Skovbakken har sin egen Facebook gruppe. Den hedder: Grundejerforeningen Skovbakken Overby Lyng<\/p>\n\n\n\n<p>Der er lagt kort vedr\u00f8rende vores vandproblematik ind under punktet Links<\/p>\n\n\n\n<p>Regnskabet for 2025\/2026 er nu f\u00e6rdiggjort, revideret og lagt p\u00e5 hjemmesiden.<\/p>\n\n\n\n<p>Skovbakken har sin egen Hjertestarter. Den er placeret hos formanden Kurt Kristensen<strong> Skovbakkevej 6<\/strong> inde under overd\u00e6kningen med adgang fra lille l\u00e5ge.<\/p>\n","protected":false},"excerpt":{"rendered":"<p>Den \u00e5rlige generalforsamling afholdes i Lums\u00e5s Forsamlingshus s\u00f8ndag d. 3. maj kl. 11.00. Der er indkommet 2 indgribende forslag. S\u00e5 m\u00f8d op og g\u00f8r jeres stemme g\u00e6ldende. Skovbakken har sin egen Facebook gruppe. Den hedder: Grundejerforeningen Skovbakken Overby Lyng Der er lagt kort vedr\u00f8rende vores vandproblematik ind under punktet Links Regnskabet for 2025\/2026 er nu&hellip; <a class=\"more-link\" href=\"https:\/\/www.skovbakkeforeningen.dk\/?page_id=99\">L\u00e6s mere <span class=\"screen-reader-text\">Sidste nyt<\/span><\/a><\/p>\n","protected":false},"author":2,"featured_media":0,"parent":0,"menu_order":0,"comment_status":"closed","ping_status":"closed","template":"","meta":{"footnotes":""},"class_list":["post-99","page","type-page","status-publish","hentry","entry"],"_links":{"self":[{"href":"https:\/\/www.skovbakkeforeningen.dk\/index.php?rest_route=\/wp\/v2\/pages\/99","targetHints":{"allow":["GET"]}}],"collection":[{"href":"https:\/\/www.skovbakkeforeningen.dk\/index.php?rest_route=\/wp\/v2\/pages"}],"about":[{"href":"https:\/\/www.skovbakkeforeningen.dk\/index.php?rest_route=\/wp\/v2\/types\/page"}],"author":[{"embeddable":true,"href":"https:\/\/www.skovbakkeforeningen.dk\/index.php?rest_route=\/wp\/v2\/users\/2"}],"replies":[{"embeddable":true,"href":"https:\/\/www.skovbakkeforeningen.dk\/index.php?rest_route=%2Fwp%2Fv2%2Fcomments&post=99"}],"version-history":[{"count":18,"href":"https:\/\/www.skovbakkeforeningen.dk\/index.php?rest_route=\/wp\/v2\/pages\/99\/revisions"}],"predecessor-version":[{"id":301,"href":"https:\/\/www.skovbakkeforeningen.dk\/index.php?rest_route=\/wp\/v2\/pages\/99\/revisions\/301"}],"wp:attachment":[{"href":"https:\/\/www.skovbakkeforeningen.dk\/index.php?rest_route=%2Fwp%2Fv2%2Fmedia&parent=99"}],"curies":[{"name":"wp","href":"https:\/\/api.w.org\/{rel}","templated":true}]}}